{"id":8698,"date":"2023-05-07T10:42:34","date_gmt":"2023-05-07T08:42:34","guid":{"rendered":"https:\/\/www.orange.pl\/poradnik-dla-firm\/?page_id=8698"},"modified":"2023-05-07T10:58:16","modified_gmt":"2023-05-07T08:58:16","slug":"regulaminn","status":"publish","type":"page","link":"https:\/\/www.orange.pl\/poradnik-dla-firm\/regulaminn\/","title":{"rendered":"Regulamin newslettera"},"content":{"rendered":"\n<p class=\"s3\"><span class=\"s2\">OBOWI\u0104ZEK INFORMACYJNY<\/span><span class=\"s2\"> DLA OS\u00d3B FIZYCZNYCH<\/span><\/p>\n<p class=\"s5\"><span class=\"s4\">Je\u015bli podali nam Pa\u0144stwo <\/span><span class=\"s4\">jako osoba fizyczna sw\u00f3j <\/span><span class=\"s4\">adres e-mail,<\/span><span class=\"s4\"> prosimy, \u017ceby zapoznali si\u0119 Pa\u0144stwo z informacj\u0105 o tym, jak przetwarzamy Pa\u0144stwa dane osobowe.<\/span><\/p>\n<p class=\"s5\"><span class=\"s4\">Administratorem Pa\u0144stwa danych przetwarzanych w zwi\u0105zku z subskrypcj\u0105 <\/span><span class=\"s4\">newslettera<\/span><span class=\"s4\"> jest Orange Polska S.A. z siedzib\u0105 w Warszawie, pod adresem Aleje Jerozolimskie 160, 02-326 Warszawa (dalej Orange Polska). <\/span><\/p>\n<p class=\"s6\"><span class=\"s4\">Nasze d<\/span><span class=\"s4\">ane kontaktowe<\/span><span class=\"s2\">: <\/span><span class=\"s4\">Orange Polska S.A., ul. Jagiello\u0144ska 34, 96-100 Skierniewice. <\/span><\/p>\n<p><span class=\"s4\">Dane kontaktowe <\/span><span class=\"s4\">naszego <\/span><span class=\"s4\">inspektora ochrony danych:<\/span><a href=\"mailto:inspektorochronydanych@orange.com\"><span class=\"s7\">inspektorochronydanych@orange.com<\/span><\/a><a name=\"_GoBack\"><\/a><\/p>\n<p class=\"s6\"><span class=\"s4\">B\u0119dziemy wykorzystywa\u0107 nast\u0119puj\u0105ce informacje:<\/span><\/p>\n<div class=\"s9\"><span class=\"s8\">\u25aa <\/span><span class=\"s4\">adres e-mail \u2013 do wysy\u0142ki <\/span><span class=\"s4\">newslettera<\/span><span class=\"s4\"> z<\/span><span class=\"s4\"> ofertami Orange Polska lub ofertami partner\u00f3w Orange Polska <\/span><span class=\"s4\">(podstaw\u0105 prawn\u0105 przetwarzania danych jest udzielona zgoda),<\/span><span class=\"s4\"> do czasu<\/span><span class=\"s4\"> wycof<\/span><span class=\"s4\">ania zgody,<\/span><\/div>\n<div class=\"s9\"><span class=\"s8\">\u25aa <\/span><span class=\"s4\">adres e-mail \u2013 do <\/span><span class=\"s4\">przes\u0142ania <\/span><span class=\"s4\">jednorazowo <\/span><span class=\"s4\">wiadomo\u015bci e-mail<\/span> <span class=\"s4\">z pro\u015bb\u0105 o potwierdzenie<\/span> <span class=\"s4\">subskrypcji <\/span><span class=\"s4\">newslettera<\/span> <span class=\"s4\">(podstaw\u0105 prawn\u0105 przetwarzania <\/span><span class=\"s4\">danych <\/span><span class=\"s4\">jest<\/span><span class=\"s4\"> realizacja prawnie uzasadnionego interesu Orange Polska),<\/span><\/div>\n<div class=\"s9\"><span class=\"s8\">\u25aa <\/span><span class=\"s4\">adres e-mail i informacje o udzieleniu lub wycofaniu zgody \u2013 do <\/span><span class=\"s4\">wykazania zgodno\u015bci z prawem naszego dzia\u0142ania (podstaw\u0105 prawn\u0105 przetwarzania danych jest realizacja prawnie uzasadnionego interesu Orange Polska), do<\/span><span class=\"s4\">czasu,<\/span><span class=\"s4\"> kiedy organy administracji mog\u0142yby nas ukara\u0107 finansowo za niedope\u0142nienie obowi\u0105zk\u00f3w wynikaj\u0105cych z obowi\u0105zuj\u0105cych przepis\u00f3w,<\/span><\/div>\n<div class=\"s10\"><span class=\"s8\">\u25aa <\/span><span class=\"s4\">adres e-mail i informacje o udzieleniu lub wycofaniu zgody \u2013 do <\/span><span class=\"s4\">dochodzenia i obrony przed roszczeniami (podstaw\u0105 praw<\/span><span class=\"s4\">n<\/span><span class=\"s4\">\u0105 przetwarzania danych jest realizacja prawnie uzasadnionego interesu Orange Polska)<\/span><span class=\"s4\">, przez okres, po kt\u00f3rym przedawniaj\u0105 si\u0119 roszczenia<\/span><span class=\"s4\">.<\/span><\/div>\n<p class=\"s5\"><span class=\"s4\">Podanie <\/span><span class=\"s4\">danych <\/span><span class=\"s11\">nie jest wymogiem ustawowym lub umownym<\/span><span class=\"s4\">, jednak\u017ce jest wymagane, je\u015bli chc\u0105 Pa\u0144stwo, aby\u015bmy <\/span><span class=\"s4\">drog\u0105 elektroniczn\u0105 przesy\u0142ali Pa\u0144stwu newsletter z <\/span><span class=\"s4\">naszymi <\/span><span class=\"s4\">ofertami <\/span><span class=\"s4\">i <\/span><span class=\"s4\">ofertami <\/span><span class=\"s4\">naszych <\/span><span class=\"s4\">partner\u00f3w. <\/span><\/p>\n<p class=\"s5\"><span class=\"s4\">Dodatkowo przetwarzamy r\u00f3wnie\u017c numer identyfikacyjny formularza oraz <\/span><span class=\"s4\">url<\/span><span class=\"s4\">formularza, w kt\u00f3rym po<\/span><span class=\"s4\">dali Pa\u0144stwo sw\u00f3j adres e-mail<\/span><span class=\"s4\">, co jest konsekwencj\u0105 technicznego dzia\u0142ania <\/span><span class=\"s4\">naszego <\/span><span class=\"s4\">serwisu internetowego. <\/span><\/p>\n<p class=\"s6\"><span class=\"s4\">Przys\u0142uguje Pa\u0144stwu prawo do:<\/span><\/p>\n<div class=\"s13\"><span class=\"s12\">\u2022 <\/span><span class=\"s11\">cofni\u0119cia zgody<\/span><span class=\"s4\"> w dowolnym momencie; przy czym cofni\u0119cie zgody nie b\u0119dzie mia\u0142o wp\u0142ywu na zgodno\u015b\u0107 z prawem przetwarzania danych na podstawie zgody w okresie przed jej cofni\u0119ciem, <\/span><\/div>\n<div class=\"s13\"><span class=\"s12\">\u2022 <\/span><span class=\"s11\">\u017c\u0105dania dost\u0119pu<\/span><span class=\"s4\"> do Pa\u0144stwa danych przetwarzanych przez Orange Polska, <\/span><\/div>\n<div class=\"s13\"><span class=\"s12\">\u2022 <\/span><span class=\"s11\">sprostowania<\/span><span class=\"s4\"> (poprawiania) danych, <\/span><\/div>\n<div class=\"s13\"><span class=\"s12\">\u2022 <\/span><span class=\"s11\">usuni\u0119cia<\/span><span class=\"s4\"> danych lub <\/span><span class=\"s11\">ograniczenia ich przetwarzania<\/span><span class=\"s4\">, <\/span><\/div>\n<div class=\"s14\"><span class=\"s12\">\u2022 <\/span><span class=\"s11\">przeniesienia<\/span><span class=\"s4\"> danych, co oznacza prawo do otrzymania danych przetwarzanych przez Orange Polska lub \u017c\u0105danie ich przeniesienia do innego podmiotu. <\/span><\/div>\n<p class=\"s5\"><span class=\"s4\">W ka\u017cdej chwili mog\u0105 Pa\u0144stwo <\/span><span class=\"s11\">zg\u0142osi\u0107 sprzeciw <\/span><span class=\"s4\">wobec przetwarzania Pa\u0144stwa danych, gdy podstaw\u0105 przetwarzania jest realizacja prawnie uzasadnionego interesu Orange Polska<\/span> <span class=\"s4\">lub<\/span><span class=\"s4\"> gdy dane s\u0105 przetwarzane w celu marketingowym. <\/span><\/p>\n<p class=\"s5\"><span class=\"s4\">Realizacja przez nas tych praw uzale\u017cniona jest od mo\u017cliwo\u015bci zidentyfikowania osoby wyst\u0119puj\u0105cej z \u017c\u0105daniem, aby mie\u0107 pewno\u015b\u0107, \u017ce zosta\u0142o ono z\u0142o\u017cone przez osob\u0119 do tego\u00a0uprawnion\u0105. <\/span><\/p>\n<p class=\"s5\"><span class=\"s4\">Zakres ka\u017cdego z <\/span><span class=\"s4\">wymienionych <\/span><span class=\"s4\">praw oraz sytuacje, w kt\u00f3rych mo\u017cna z nich skorzysta\u0107, wynikaj\u0105 z przepis\u00f3w prawa. To, z kt\u00f3rego uprawnienia mo\u017cecie Pa\u0144stwo skorzysta\u0107, zale\u017ce\u0107 b\u0119dzie np. od podstawy prawnej oraz celu przetwarzania danych. <\/span><\/p>\n<p><span class=\"s4\">Z tych praw mo\u017cecie Pa\u0144stwo skorzysta\u0107 sk\u0142adaj\u0105c wniosek w salonie Orange lub dzwoni\u0105c pod numer naszej infolinii (numer dost\u0119pny jest na www.orange.pl\/kontakt). Wypisanie si\u0119 z subskry<\/span><span class=\"s4\">pcji <\/span><span class=\"s4\">newslettera<\/span><span class=\"s4\">,<\/span><span class=\"s4\"> zar\u00f3wno z ofertami Orange Polska S.A.<\/span><span class=\"s4\">,<\/span><span class=\"s4\"> jak r\u00f3wnie\u017c<\/span><span class=\"s4\"> z ofertami obecnych i przysz\u0142ych partner\u00f3w Orange Polska S.A. jest <\/span><span class=\"s4\">mo\u017cliwe z poziomu ka\u017cdego <\/span><span class=\"s4\">newslettera<\/span><span class=\"s4\"> i jest <\/span><span class=\"s4\">jednoznaczne z wycofaniem zg<\/span><span class=\"s4\">ody na przetwarzanie danych w celu jego otrzymywania<\/span><span class=\"s4\">.<\/span><\/p>\n<p class=\"s6\"><span class=\"s4\">Je\u015bli uznacie Pa\u0144stwo, \u017ce przetwarza<\/span><span class=\"s4\">my<\/span><span class=\"s4\"> Pa\u0144stwa dane niezgodnie z prawem mo\u017cecie <\/span><span class=\"s11\">wnie\u015b\u0107 skarg\u0119<\/span><span class=\"s4\"> do Prezesa Urz\u0119du Ochrony Danych Osobowych.<\/span><\/p>\n<p>\u00a0<\/p>\n<p>\u00a0<\/p>\n","protected":false},"excerpt":{"rendered":"<p>OBOWI\u0104ZEK INFORMACYJNY DLA OS\u00d3B FIZYCZNYCH Je\u015bli podali nam Pa\u0144stwo jako osoba fizyczna sw\u00f3j adres e-mail, prosimy, \u017ceby zapoznali si\u0119 Pa\u0144stwo [&hellip;]<\/p>\n","protected":false},"author":21,"featured_media":0,"parent":0,"menu_order":0,"comment_status":"closed","ping_status":"closed","template":"pagenull.php","meta":{"_acf_changed":false,"footnotes":""},"class_list":["post-8698","page","type-page","status-publish","hentry"],"acf":[],"_links":{"self":[{"href":"https:\/\/www.orange.pl\/poradnik-dla-firm\/wp-json\/wp\/v2\/pages\/8698","targetHints":{"allow":["GET"]}}],"collection":[{"href":"https:\/\/www.orange.pl\/poradnik-dla-firm\/wp-json\/wp\/v2\/pages"}],"about":[{"href":"https:\/\/www.orange.pl\/poradnik-dla-firm\/wp-json\/wp\/v2\/types\/page"}],"author":[{"embeddable":true,"href":"https:\/\/www.orange.pl\/poradnik-dla-firm\/wp-json\/wp\/v2\/users\/21"}],"replies":[{"embeddable":true,"href":"https:\/\/www.orange.pl\/poradnik-dla-firm\/wp-json\/wp\/v2\/comments?post=8698"}],"version-history":[{"count":4,"href":"https:\/\/www.orange.pl\/poradnik-dla-firm\/wp-json\/wp\/v2\/pages\/8698\/revisions"}],"predecessor-version":[{"id":8703,"href":"https:\/\/www.orange.pl\/poradnik-dla-firm\/wp-json\/wp\/v2\/pages\/8698\/revisions\/8703"}],"wp:attachment":[{"href":"https:\/\/www.orange.pl\/poradnik-dla-firm\/wp-json\/wp\/v2\/media?parent=8698"}],"curies":[{"name":"wp","href":"https:\/\/api.w.org\/{rel}","templated":true}]}}